{"id":171,"date":"2023-07-17T15:12:40","date_gmt":"2023-07-17T15:12:40","guid":{"rendered":"https:\/\/optimizadorderutas.cloud\/?page_id=171"},"modified":"2023-07-17T15:12:42","modified_gmt":"2023-07-17T15:12:42","slug":"aviso-de-privacidad-corto","status":"publish","type":"page","link":"https:\/\/optimizadorderutas.cloud\/index.php\/aviso-de-privacidad-corto\/","title":{"rendered":"Aviso de Privacidad Corto"},"content":{"rendered":"\n<p>ROBERT BOSCH M\u00c9XICO SISTEMAS DE FRENOS S. DE R.L. DE C.V., con domicilio en Magneto 2035, Parque Industrial Fern\u00e1ndez, C.P. 32649, Ciudad Ju\u00e1rez, Chihuahua, M\u00e9xico; llevar\u00e1 a cabo el tratamiento de sus datos personales para: (i)con el registro de su informaci\u00f3n se crear\u00e1 una base de datos con la cual se busca obtener informaci\u00f3n para mejorar las rutas de transporte ofrecidas por\u00a0Robert Bosch a sus empleados a efecto de que \u00e9stas se encuentren lo m\u00e1s cercanas posibles a los domicilios de \u00e9stos para lograr un transporte eficiente, tener menores tiempos de traslado y reducir la huella de carbono y; (ii) generar mapas y reportes para que la herramienta denominada \u201cOptimizador de rutas\u201d d\u00e9 los puntos de partida \u00f3ptimos de las rutas de transporte. Para conocer m\u00e1s detalles sobre el manejo y protecci\u00f3n de sus datos personales puede consultar nuestro<\/p>\n\n\n\n<p><\/p>\n\n\n\n<p> <a>\u201cAviso de privacidad integral para el Formulario de actualizaci\u00f3n de direcciones\u201d<\/a><a href=\"#_msocom_1\">[RMC(M1]<\/a>\u00a0.<\/p>\n\n\n\n<hr class=\"wp-block-separator has-alpha-channel-opacity\"\/>\n\n\n\n<p><a id=\"_msocom_1\"><\/a><\/p>\n\n\n\n<p><\/p>\n","protected":false},"excerpt":{"rendered":"<p>ROBERT BOSCH M\u00c9XICO SISTEMAS DE FRENOS S. DE R.L. DE C.V., con domicilio en Magneto 2035, Parque Industrial Fern\u00e1ndez, C.P. 32649, Ciudad Ju\u00e1rez, Chihuahua, M\u00e9xico; llevar\u00e1 a cabo el tratamiento de sus datos personales para: (i)con el registro de su informaci\u00f3n se crear\u00e1 una base de datos con la cual se busca obtener informaci\u00f3n para [&hellip;]<\/p>\n","protected":false},"author":1,"featured_media":0,"parent":0,"menu_order":0,"comment_status":"closed","ping_status":"closed","template":"","meta":{"footnotes":""},"class_list":["post-171","page","type-page","status-publish","hentry"],"_links":{"self":[{"href":"https:\/\/optimizadorderutas.cloud\/index.php\/wp-json\/wp\/v2\/pages\/171","targetHints":{"allow":["GET"]}}],"collection":[{"href":"https:\/\/optimizadorderutas.cloud\/index.php\/wp-json\/wp\/v2\/pages"}],"about":[{"href":"https:\/\/optimizadorderutas.cloud\/index.php\/wp-json\/wp\/v2\/types\/page"}],"author":[{"embeddable":true,"href":"https:\/\/optimizadorderutas.cloud\/index.php\/wp-json\/wp\/v2\/users\/1"}],"replies":[{"embeddable":true,"href":"https:\/\/optimizadorderutas.cloud\/index.php\/wp-json\/wp\/v2\/comments?post=171"}],"version-history":[{"count":1,"href":"https:\/\/optimizadorderutas.cloud\/index.php\/wp-json\/wp\/v2\/pages\/171\/revisions"}],"predecessor-version":[{"id":172,"href":"https:\/\/optimizadorderutas.cloud\/index.php\/wp-json\/wp\/v2\/pages\/171\/revisions\/172"}],"wp:attachment":[{"href":"https:\/\/optimizadorderutas.cloud\/index.php\/wp-json\/wp\/v2\/media?parent=171"}],"curies":[{"name":"wp","href":"https:\/\/api.w.org\/{rel}","templated":true}]}}